{"id":1791,"date":"2024-09-26T12:36:11","date_gmt":"2024-09-26T10:36:11","guid":{"rendered":"https:\/\/yenamarre.be\/?page_id=1791"},"modified":"2025-03-26T14:19:12","modified_gmt":"2025-03-26T13:19:12","slug":"accueil","status":"publish","type":"page","link":"https:\/\/yenamarre.be\/","title":{"rendered":"Accueil"},"content":{"rendered":"\t\t<div data-elementor-type=\"wp-page\" data-elementor-id=\"1791\" class=\"elementor elementor-1791\">\n\t\t\t\t<div class=\"elementor-element elementor-element-jmg5s3k e-flex e-con-boxed e-con e-parent\" data-id=\"jmg5s3k\" data-element_type=\"container\" data-e-type=\"container\" data-settings=\"{&quot;background_background&quot;:&quot;classic&quot;}\">\n\t\t\t\t\t<div class=\"e-con-inner\">\n\t\t<div class=\"elementor-element elementor-element-8f73ee5 e-flex e-con-boxed e-con e-child\" data-id=\"8f73ee5\" data-element_type=\"container\" data-e-type=\"container\">\n\t\t\t\t\t<div class=\"e-con-inner\">\n\t\t\t\t<div class=\"elementor-element elementor-element-550a3d8 elementor-widget elementor-widget-image\" data-id=\"550a3d8\" data-element_type=\"widget\" data-e-type=\"widget\" data-widget_type=\"image.default\">\n\t\t\t\t<div class=\"elementor-widget-container\">\n\t\t\t\t\t\t\t\t\t\t\t\t\t\t\t<img fetchpriority=\"high\" decoding=\"async\" width=\"1024\" height=\"674\" src=\"https:\/\/yenamarre.be\/wp-content\/uploads\/2024\/02\/PlaqueRue-1024x674.png\" class=\"attachment-large size-large wp-image-49\" alt=\"\" srcset=\"https:\/\/yenamarre.be\/wp-content\/uploads\/2024\/02\/PlaqueRue-1024x674.png 1024w, https:\/\/yenamarre.be\/wp-content\/uploads\/2024\/02\/PlaqueRue-300x197.png 300w, https:\/\/yenamarre.be\/wp-content\/uploads\/2024\/02\/PlaqueRue-768x505.png 768w, https:\/\/yenamarre.be\/wp-content\/uploads\/2024\/02\/PlaqueRue-1536x1010.png 1536w, https:\/\/yenamarre.be\/wp-content\/uploads\/2024\/02\/PlaqueRue.png 1628w\" sizes=\"(max-width: 1024px) 100vw, 1024px\" \/>\t\t\t\t\t\t\t\t\t\t\t\t\t\t\t<\/div>\n\t\t\t\t<\/div>\n\t\t\t\t<div class=\"elementor-element elementor-element-4a02dab elementor-widget elementor-widget-heading\" data-id=\"4a02dab\" data-element_type=\"widget\" data-e-type=\"widget\" data-widget_type=\"heading.default\">\n\t\t\t\t<div class=\"elementor-widget-container\">\n\t\t\t\t\t<h1 class=\"elementor-heading-title elementor-size-default\">Ceci n'est pas une autoroute.<br>(Ni un Monopoly)<\/h1>\t\t\t\t<\/div>\n\t\t\t\t<\/div>\n\t\t\t\t<div class=\"elementor-element elementor-element-ae045bf elementor-view-default elementor-invisible elementor-widget elementor-widget-icon\" data-id=\"ae045bf\" data-element_type=\"widget\" data-e-type=\"widget\" data-settings=\"{&quot;_animation&quot;:&quot;bounceInUp&quot;}\" data-widget_type=\"icon.default\">\n\t\t\t\t<div class=\"elementor-widget-container\">\n\t\t\t\t\t\t\t<div class=\"elementor-icon-wrapper\">\n\t\t\t<a class=\"elementor-icon elementor-animation-pulse\" href=\"#introduction\">\n\t\t\t<svg aria-hidden=\"true\" class=\"e-font-icon-svg e-fas-chevron-down\" viewBox=\"0 0 448 512\" xmlns=\"http:\/\/www.w3.org\/2000\/svg\"><path d=\"M207.029 381.476L12.686 187.132c-9.373-9.373-9.373-24.569 0-33.941l22.667-22.667c9.357-9.357 24.522-9.375 33.901-.04L224 284.505l154.745-154.021c9.379-9.335 24.544-9.317 33.901.04l22.667 22.667c9.373 9.373 9.373 24.569 0 33.941L240.971 381.476c-9.373 9.372-24.569 9.372-33.942 0z\"><\/path><\/svg>\t\t\t<\/a>\n\t\t<\/div>\n\t\t\t\t\t\t<\/div>\n\t\t\t\t<\/div>\n\t\t\t\t\t<\/div>\n\t\t\t\t<\/div>\n\t\t\t\t\t<\/div>\n\t\t\t\t<\/div>\n\t\t<div class=\"elementor-element elementor-element-94e5fc5 e-flex e-con-boxed e-con e-parent\" data-id=\"94e5fc5\" data-element_type=\"container\" data-e-type=\"container\">\n\t\t\t\t\t<div class=\"e-con-inner\">\n\t\t<div class=\"elementor-element elementor-element-a454e6f e-con-full e-flex e-con e-child\" data-id=\"a454e6f\" data-element_type=\"container\" data-e-type=\"container\" id=\"introduction\">\n\t\t\t\t<div class=\"elementor-element elementor-element-fd471fb elementor-widget elementor-widget-spacer\" data-id=\"fd471fb\" data-element_type=\"widget\" data-e-type=\"widget\" data-widget_type=\"spacer.default\">\n\t\t\t\t<div class=\"elementor-widget-container\">\n\t\t\t\t\t\t\t<div class=\"elementor-spacer\">\n\t\t\t<div class=\"elementor-spacer-inner\"><\/div>\n\t\t<\/div>\n\t\t\t\t\t\t<\/div>\n\t\t\t\t<\/div>\n\t\t\t\t<div class=\"elementor-element elementor-element-edf676c elementor-widget elementor-widget-heading\" data-id=\"edf676c\" data-element_type=\"widget\" data-e-type=\"widget\" data-widget_type=\"heading.default\">\n\t\t\t\t<div class=\"elementor-widget-container\">\n\t\t\t\t\t<h2 class=\"elementor-heading-title elementor-size-default\">Introduction<\/h2>\t\t\t\t<\/div>\n\t\t\t\t<\/div>\n\t\t\t\t<div class=\"elementor-element elementor-element-44ad24c elementor-widget elementor-widget-text-editor\" data-id=\"44ad24c\" data-element_type=\"widget\" data-e-type=\"widget\" data-widget_type=\"text-editor.default\">\n\t\t\t\t<div class=\"elementor-widget-container\">\n\t\t\t\t\t\t\t\t\t<p>Situ\u00e9e<strong> sur les communes de Huy et Wanze, la rue Sous-Les-Roches est une rue soumise \u00e0 un trafic de transit toujours plus cons\u00e9quent<\/strong>, impactant consid\u00e9rablement la vie de ses habitants. <strong>Bruit, pollution, ins\u00e9curit\u00e9 et stress sont le quotidien des riverain<\/strong><strong>s<\/strong> qui souhaitent faire valoir leurs droits \u00e0 une qualit\u00e9 de vie acceptable.<\/p><p>Il y a une dizaine d&rsquo;ann\u00e9es encore, le quartier \u00e9tait bord\u00e9 de prairies, malgr\u00e9 la pr\u00e9sence d\u2019un nouveau zoning commercial accessible via ce qui allait devenir la rue Marie Guisse. Depuis, de nouvelles constructions sont venues s\u2019ajouter et la rue Marie Guisse a \u00e9t\u00e9 ouverte vers la rue Sous-Les-Roches.<\/p><p>M\u00eame si l\u2019urbanisation est normale, celle-ci doit \u00eatre adapt\u00e9e \u00e0 l&rsquo;environnement existant, en prenant en consid\u00e9ration les impacts qu&rsquo;elle engendre aupr\u00e8s des riverains. L\u00e0 o\u00f9 l&rsquo;on pourrait penser que les autorit\u00e9s communales veillent \u00e0 am\u00e9liorer le cadre de vie des citoyens, nous constatons, dans cette situation, qu&rsquo;une carte blanche a \u00e9t\u00e9 donn\u00e9e aux promoteurs et au trafic de transit, au d\u00e9triment du citoyen et de son cadre de vie.<\/p><p><strong>Le fait qu\u2019un certain nombre de parcelles laiss\u00e9es dans un \u00e9tat proche de l\u2019abandon sont des propri\u00e9t\u00e9s de promoteurs laisse \u00e9galement craindre une volont\u00e9 de continuer l&rsquo;exploitation du moindre m\u00e8tre carr\u00e9 de superficie, \u00e0 nouveau au d\u00e9triment de la qualit\u00e9 de vie des riverains.<\/strong> Cette tendance est heureusement de plus en plus d\u00e9nonc\u00e9e par le citoyen, et de nouvelles r\u00e9formes au niveau de la R\u00e9gion wallonne laissent esp\u00e9rer une meilleure r\u00e9gulation sur l&rsquo;urbanisation, afin de permettre une am\u00e9lioration du cadre de vie pour tous.<\/p><p>N\u00e9anmoins, entre la th\u00e9orie et la pratique, il y a un monde de diff\u00e9rence\u00a0: <strong>une p\u00e9tition d\u2019une quarantaine de personnes a \u00e9t\u00e9 remise aux autorit\u00e9s communales \u00e9t\u00e9 2023 <\/strong>afin d\u2019obtenir une r\u00e9union de concertation en vue de d\u00e9gager des solutions p\u00e9rennes et efficaces pour la rue Sous-Les-Roches. <strong>Les deux communes n\u2019ont pas souhait\u00e9 r\u00e9pondre favorablement aux riverains, minimisant la situation.<\/strong><\/p><p>Ce site web a pour but de pr\u00e9senter \u00e0 un maximum de personnes les probl\u00e9matiques existantes dans cette rue, dans l\u2019espoir de <strong>faire r\u00e9agir le monde politique, de r\u00e9gler les probl\u00e8mes li\u00e9s au trafic de transit omnipr\u00e9sent et offrir, enfin, un meilleur cadre de vie aux habitants de la rue.<\/strong><\/p>\t\t\t\t\t\t\t\t<\/div>\n\t\t\t\t<\/div>\n\t\t\t\t<div class=\"elementor-element elementor-element-6f06f48 elementor-widget elementor-widget-spacer\" data-id=\"6f06f48\" data-element_type=\"widget\" data-e-type=\"widget\" data-widget_type=\"spacer.default\">\n\t\t\t\t<div class=\"elementor-widget-container\">\n\t\t\t\t\t\t\t<div class=\"elementor-spacer\">\n\t\t\t<div class=\"elementor-spacer-inner\"><\/div>\n\t\t<\/div>\n\t\t\t\t\t\t<\/div>\n\t\t\t\t<\/div>\n\t\t\t\t<\/div>\n\t\t<div class=\"elementor-element elementor-element-0185c7f e-grid e-con-full e-con e-child\" data-id=\"0185c7f\" data-element_type=\"container\" data-e-type=\"container\">\n\t\t\t\t<div class=\"elementor-element elementor-element-3678832 content-align-cta-default elementor-widget elementor-widget-eael-cta-box\" data-id=\"3678832\" data-element_type=\"widget\" data-e-type=\"widget\" data-widget_type=\"eael-cta-box.default\">\n\t\t\t\t<div class=\"elementor-widget-container\">\n\t\t\t\t\t\t\t<div class=\"eael-call-to-action cta-basic bg-lite cta-preset-1\">\n        <h2 class=\"title eael-cta-heading\">Comprendre la situation<\/h2><a href=\"https:\/\/yenamarre.be\/?page_id=614\" class=\"cta-button cta-preset-1  \">Cliquez ici<\/a>\t<\/div>\n\t\t\t\t\t\t\t\t<\/div>\n\t\t\t\t<\/div>\n\t\t\t\t<div class=\"elementor-element elementor-element-32a51d2 content-align-cta-default elementor-widget elementor-widget-eael-cta-box\" data-id=\"32a51d2\" data-element_type=\"widget\" data-e-type=\"widget\" data-widget_type=\"eael-cta-box.default\">\n\t\t\t\t<div class=\"elementor-widget-container\">\n\t\t\t\t\t\t\t<div class=\"eael-call-to-action cta-basic bg-lite cta-preset-1\">\n        <h2 class=\"title eael-cta-heading\">Identifier les causes<\/h2><a href=\"https:\/\/yenamarre.be\/?page_id=616\" class=\"cta-button cta-preset-1  \">Cliquez ici<\/a>\t<\/div>\n\t\t\t\t\t\t\t\t<\/div>\n\t\t\t\t<\/div>\n\t\t\t\t<div class=\"elementor-element elementor-element-87af223 content-align-cta-default elementor-widget elementor-widget-eael-cta-box\" data-id=\"87af223\" data-element_type=\"widget\" data-e-type=\"widget\" data-widget_type=\"eael-cta-box.default\">\n\t\t\t\t<div class=\"elementor-widget-container\">\n\t\t\t\t\t\t\t<div class=\"eael-call-to-action cta-basic bg-lite cta-preset-1\">\n        <h2 class=\"title eael-cta-heading\">Trouver des solutions<\/h2><a href=\"https:\/\/yenamarre.be\/?page_id=618\" class=\"cta-button cta-preset-1  \">Cliquez ici<\/a>\t<\/div>\n\t\t\t\t\t\t\t\t<\/div>\n\t\t\t\t<\/div>\n\t\t\t\t<\/div>\n\t\t\t\t<div class=\"elementor-element elementor-element-8e985e8 elementor-widget elementor-widget-spacer\" data-id=\"8e985e8\" data-element_type=\"widget\" data-e-type=\"widget\" data-widget_type=\"spacer.default\">\n\t\t\t\t<div class=\"elementor-widget-container\">\n\t\t\t\t\t\t\t<div class=\"elementor-spacer\">\n\t\t\t<div class=\"elementor-spacer-inner\"><\/div>\n\t\t<\/div>\n\t\t\t\t\t\t<\/div>\n\t\t\t\t<\/div>\n\t\t\t\t\t<\/div>\n\t\t\t\t<\/div>\n\t\t\t\t<\/div>\n\t\t","protected":false},"excerpt":{"rendered":"<p>Ceci n&rsquo;est pas une autoroute.(Ni un Monopoly) Introduction Situ\u00e9e sur les communes de Huy et Wanze, la rue Sous-Les-Roches est [&hellip;]<\/p>\n","protected":false},"author":1,"featured_media":0,"parent":0,"menu_order":0,"comment_status":"closed","ping_status":"closed","template":"elementor_canvas","meta":{"_eb_attr":"","site-sidebar-layout":"no-sidebar","site-content-layout":"","ast-site-content-layout":"full-width-container","site-content-style":"default","site-sidebar-style":"default","ast-global-header-display":"","ast-banner-title-visibility":"","ast-main-header-display":"","ast-hfb-above-header-display":"","ast-hfb-below-header-display":"","ast-hfb-mobile-header-display":"","site-post-title":"disabled","ast-breadcrumbs-content":"","ast-featured-img":"disabled","footer-sml-layout":"","theme-transparent-header-meta":"","adv-header-id-meta":"","stick-header-meta":"","header-above-stick-meta":"","header-main-stick-meta":"","header-below-stick-meta":"","astra-migrate-meta-layouts":"default","ast-page-background-enabled":"default","ast-page-background-meta":{"desktop":{"background-color":"var(--ast-global-color-4)","background-image":"","background-repeat":"repeat","background-position":"center center","background-size":"auto","background-attachment":"scroll","background-type":"","background-media":"","overlay-type":"","overlay-color":"","overlay-gradient":""},"tablet":{"background-color":"","background-image":"","background-repeat":"repeat","background-position":"center center","background-size":"auto","background-attachment":"scroll","background-type":"","background-media":"","overlay-type":"","overlay-color":"","overlay-gradient":""},"mobile":{"background-color":"","background-image":"","background-repeat":"repeat","background-position":"center center","background-size":"auto","background-attachment":"scroll","background-type":"","background-media":"","overlay-type":"","overlay-color":"","overlay-gradient":""}},"ast-content-background-meta":{"desktop":{"background-color":"var(--ast-global-color-5)","background-image":"","background-repeat":"repeat","background-position":"center center","background-size":"auto","background-attachment":"scroll","background-type":"","background-media":"","overlay-type":"","overlay-color":"","overlay-gradient":""},"tablet":{"background-color":"var(--ast-global-color-5)","background-image":"","background-repeat":"repeat","background-position":"center center","background-size":"auto","background-attachment":"scroll","background-type":"","background-media":"","overlay-type":"","overlay-color":"","overlay-gradient":""},"mobile":{"background-color":"var(--ast-global-color-5)","background-image":"","background-repeat":"repeat","background-position":"center center","background-size":"auto","background-attachment":"scroll","background-type":"","background-media":"","overlay-type":"","overlay-color":"","overlay-gradient":""}},"ngg_post_thumbnail":0,"footnotes":""},"class_list":["post-1791","page","type-page","status-publish","hentry"],"aioseo_notices":[],"_links":{"self":[{"href":"https:\/\/yenamarre.be\/index.php?rest_route=\/wp\/v2\/pages\/1791","targetHints":{"allow":["GET"]}}],"collection":[{"href":"https:\/\/yenamarre.be\/index.php?rest_route=\/wp\/v2\/pages"}],"about":[{"href":"https:\/\/yenamarre.be\/index.php?rest_route=\/wp\/v2\/types\/page"}],"author":[{"embeddable":true,"href":"https:\/\/yenamarre.be\/index.php?rest_route=\/wp\/v2\/users\/1"}],"replies":[{"embeddable":true,"href":"https:\/\/yenamarre.be\/index.php?rest_route=%2Fwp%2Fv2%2Fcomments&post=1791"}],"version-history":[{"count":56,"href":"https:\/\/yenamarre.be\/index.php?rest_route=\/wp\/v2\/pages\/1791\/revisions"}],"predecessor-version":[{"id":2431,"href":"https:\/\/yenamarre.be\/index.php?rest_route=\/wp\/v2\/pages\/1791\/revisions\/2431"}],"wp:attachment":[{"href":"https:\/\/yenamarre.be\/index.php?rest_route=%2Fwp%2Fv2%2Fmedia&parent=1791"}],"curies":[{"name":"wp","href":"https:\/\/api.w.org\/{rel}","templated":true}]}}